{"id":150,"date":"2019-01-07T10:06:25","date_gmt":"2019-01-07T09:06:25","guid":{"rendered":"http:\/\/oswald-hypnotherapie.de\/?page_id=150"},"modified":"2019-01-09T09:11:13","modified_gmt":"2019-01-09T08:11:13","slug":"anwendungsmoeglichkeiten","status":"publish","type":"page","link":"http:\/\/oswald-hypnotherapie.de\/index.php\/anwendungsmoeglichkeiten\/","title":{"rendered":"Anwendungsm\u00f6glichkeiten"},"content":{"rendered":"<div id=\"pl-150\"  class=\"panel-layout\" ><div id=\"pg-150-0\"  class=\"panel-grid panel-no-style\" ><div id=\"pgc-150-0-0\"  class=\"panel-grid-cell\" ><div id=\"panel-150-0-0-0\" class=\"so-panel widget widget_sow-headline panel-first-child\" data-index=\"0\" ><div\n\t\t\t\n\t\t\tclass=\"so-widget-sow-headline so-widget-sow-headline-default-6b52635ceda7-150 so-widget-fittext-wrapper\"\n\t\t\t data-fit-text-compressor=\"0.85\"\n\t\t><div class=\"sow-headline-container \">\n\t<h1 class='sow-headline'>Die Anwendungsm\u00f6glichkeiten der Hypnose sind vielf\u00e4ltig.<\/h1><\/div><\/div><\/div><div id=\"panel-150-0-0-1\" class=\"so-panel widget widget_sow-editor panel-last-child\" data-index=\"1\" ><div\n\t\t\t\n\t\t\tclass=\"so-widget-sow-editor so-widget-sow-editor-base\"\n\t\t\t\n\t\t>\n<div class=\"siteorigin-widget-tinymce textwidget\">\n\t<p>Sie ist mittlerweile ein <strong>fester Bestandteil<\/strong> der <strong>Medizin\/Zahnmedizin<\/strong>, <strong>Psychotherapie<\/strong> und bei <strong>Rehabilitationsma\u00dfnahmen<\/strong>.<\/p>\n<p>Auch im <strong>Sport<\/strong>, zur <strong>Stressbew\u00e4ltigung<\/strong> und sogar vor Gericht werden hypnotherapeutische Methoden angewendet.<\/p>\n<p>Im Folgenden finden sie einen <strong>kleinen Ausschnitt<\/strong> meines Behandlungsspektrums.<\/p>\n<\/div>\n<\/div><\/div><\/div><\/div><div id=\"pg-150-1\"  class=\"panel-grid panel-has-style\" ><div class=\"siteorigin-panels-stretch panel-row-style-full-width panel-row-style panel-row-style-for-150-1\" style=\"background-color: #2b2a28; \" data-stretch-type=\"full\" ><div id=\"pgc-150-1-0\"  class=\"panel-grid-cell\" ><div id=\"panel-150-1-0-0\" class=\"so-panel widget widget_sow-editor panel-first-child\" data-index=\"2\" ><div class=\"panel-widget-style panel-widget-style-for-150-1-0-0\" ><div\n\t\t\t\n\t\t\tclass=\"so-widget-sow-editor so-widget-sow-editor-base\"\n\t\t\t\n\t\t>\n<div class=\"siteorigin-widget-tinymce textwidget\">\n\t<h3 style=\"text-align: center;\"><span style=\"color: #ffffff;\">Raucherentw\u00f6hnung<\/span><\/h3>\n<p style=\"text-align: center;\"><a href=\"http:\/\/oswald-hypnotherapie.de\/index.php\/raucherentwoehnung\/\"><img decoding=\"async\" loading=\"lazy\" class=\".bildrahmen alignnone wp-image-23 size-thumbnail\" src=\"http:\/\/oswald-hypnotherapie.de\/wp-content\/uploads\/2019\/01\/raucherentwoehnung-150x150.jpg\" alt=\"\" width=\"150\" height=\"150\" \/><\/a><\/p>\n<p>&nbsp;<\/p>\n<\/div>\n<\/div><\/div><\/div><div id=\"panel-150-1-0-1\" class=\"so-panel widget widget_sow-editor panel-last-child\" data-index=\"3\" ><div\n\t\t\t\n\t\t\tclass=\"so-widget-sow-editor so-widget-sow-editor-base\"\n\t\t\t\n\t\t>\n<div class=\"siteorigin-widget-tinymce textwidget\">\n\t<h3 style=\"text-align: center;\"><span style=\"color: #ffffff;\">Zahnbehandlung<\/span><\/h3>\n<p style=\"text-align: center;\"><img decoding=\"async\" loading=\"lazy\" class=\".bildrahmen alignnone wp-image-26 size-thumbnail\" src=\"http:\/\/oswald-hypnotherapie.de\/wp-content\/uploads\/2019\/01\/zahnbehandlung-150x150.jpg\" alt=\"\" width=\"150\" height=\"150\" \/><\/p>\n<p>&nbsp;<\/p>\n<\/div>\n<\/div><\/div><\/div><div id=\"pgc-150-1-1\"  class=\"panel-grid-cell\" ><div id=\"panel-150-1-1-0\" class=\"so-panel widget widget_sow-editor panel-first-child\" data-index=\"4\" ><div\n\t\t\t\n\t\t\tclass=\"so-widget-sow-editor so-widget-sow-editor-base\"\n\t\t\t\n\t\t>\n<div class=\"siteorigin-widget-tinymce textwidget\">\n\t<h3 style=\"text-align: center;\"><span style=\"color: #ffffff;\">Gewichtsreduktion<\/span><\/h3>\n<p style=\"text-align: center;\"><a href=\"http:\/\/oswald-hypnotherapie.de\/index.php\/gewichtsreduktion\/\"><img decoding=\"async\" loading=\"lazy\" class=\".bildrahmen alignnone wp-image-21 size-thumbnail\" src=\"http:\/\/oswald-hypnotherapie.de\/wp-content\/uploads\/2019\/01\/abnehmen-150x150.jpg\" alt=\"\" width=\"150\" height=\"150\" \/><\/a><\/p>\n<p>&nbsp;<\/p>\n<\/div>\n<\/div><\/div><div id=\"panel-150-1-1-1\" class=\"so-panel widget widget_sow-editor panel-last-child\" data-index=\"5\" ><div\n\t\t\t\n\t\t\tclass=\"so-widget-sow-editor so-widget-sow-editor-base\"\n\t\t\t\n\t\t>\n<div class=\"siteorigin-widget-tinymce textwidget\">\n\t<h3 style=\"text-align: center;\"><span style=\"color: #ffffff;\">Stressbew\u00e4ltigung<\/span><\/h3>\n<p style=\"text-align: center;\"><img decoding=\"async\" loading=\"lazy\" class=\".bildrahmen alignnone wp-image-25 size-thumbnail\" src=\"http:\/\/oswald-hypnotherapie.de\/wp-content\/uploads\/2019\/01\/stressabbau-150x150.jpg\" alt=\"\" width=\"150\" height=\"150\" \/><\/p>\n<p>&nbsp;<\/p>\n<\/div>\n<\/div><\/div><\/div><div id=\"pgc-150-1-2\"  class=\"panel-grid-cell\" ><div id=\"panel-150-1-2-0\" class=\"so-panel widget widget_sow-editor panel-first-child\" data-index=\"6\" ><div\n\t\t\t\n\t\t\tclass=\"so-widget-sow-editor so-widget-sow-editor-base\"\n\t\t\t\n\t\t>\n<div class=\"siteorigin-widget-tinymce textwidget\">\n\t<h3 style=\"text-align: center;\"><span style=\"color: #ffffff;\">\u00c4ngste besiegen<\/span><\/h3>\n<p style=\"text-align: center;\"><img decoding=\"async\" loading=\"lazy\" class=\".bildrahmen alignnone wp-image-22 size-thumbnail\" src=\"http:\/\/oswald-hypnotherapie.de\/wp-content\/uploads\/2019\/01\/aengste_besiegen-150x150.jpg\" alt=\"\" width=\"150\" height=\"150\" \/><\/p>\n<p>&nbsp;<\/p>\n<\/div>\n<\/div><\/div><div id=\"panel-150-1-2-1\" class=\"so-panel widget widget_sow-editor panel-last-child\" data-index=\"7\" ><div\n\t\t\t\n\t\t\tclass=\"so-widget-sow-editor so-widget-sow-editor-base\"\n\t\t\t\n\t\t>\n<div class=\"siteorigin-widget-tinymce textwidget\">\n\t<h3 style=\"text-align: center;\"><span style=\"color: #ffffff;\">Schmerztherapie<\/span><\/h3>\n<p style=\"text-align: center;\"><img decoding=\"async\" loading=\"lazy\" class=\".bildrahmen alignnone wp-image-24 size-thumbnail\" src=\"http:\/\/oswald-hypnotherapie.de\/wp-content\/uploads\/2019\/01\/schnerztherapie-150x150.jpg\" alt=\"\" width=\"150\" height=\"150\" \/><\/p>\n<p>&nbsp;<\/p>\n<\/div>\n<\/div><\/div><\/div><\/div><\/div><div id=\"pg-150-2\"  class=\"panel-grid panel-has-style\" ><div class=\"animate-69fea10ad2fbf072074803 panel-row-style panel-row-style-for-150-2\" data-so-animation=\"{&quot;selector&quot;:&quot;.animate-69fea10ad2fbf072074803&quot;,&quot;animation&quot;:&quot;bounceInLeft&quot;,&quot;breakpoint&quot;:&quot;780px&quot;,&quot;duration&quot;:1,&quot;repeat&quot;:0,&quot;hide&quot;:0,&quot;disableAnimationMobile&quot;:0,&quot;finalState&quot;:&quot;visible&quot;,&quot;delay&quot;:0,&quot;debounce&quot;:0.1000000000000000055511151231257827021181583404541015625,&quot;event&quot;:&quot;enter&quot;,&quot;offset&quot;:0}\" ><div id=\"pgc-150-2-0\"  class=\"panel-grid-cell\" ><div id=\"panel-150-2-0-0\" class=\"so-panel widget widget_sow-cta panel-first-child panel-last-child\" data-index=\"8\" ><div\n\t\t\t\n\t\t\tclass=\"so-widget-sow-cta so-widget-sow-cta-default-e0868ca1e79e-150\"\n\t\t\t\n\t\t><div class=\"sow-cta-base\">\n\n\t<div class=\"sow-cta-wrapper\">\n\n\t\t<div class=\"sow-cta-text\">\n\t\t\t<h4 class=\"sow-cta-title\">Sollte Ihr spezielles Problem nicht aufgef\u00fchrt sein, kontaktieren Sie mich.<\/h4>\n\t\t\t<h5 class=\"sow-cta-subtitle\">Es gibt f\u00fcr alles eine L\u00f6sung.<\/h5>\n\t\t<\/div>\n\n\t\t<div\n\t\t\t\n\t\t\tclass=\"so-widget-sow-button so-widget-sow-button-atom-97da4dae3557\"\n\t\t\t\n\t\t><div class=\"ow-button-base ow-button-align-center\">\n\t<a href=\"#\" class=\"ow-icon-placement-left ow-button-hover\" \t\t>\n\t\t<span>\n\t\t\t<span class=\"sow-icon-genericons\" data-sow-icon=\"&#xf411;\"\n\t\t \n\t\taria-hidden=\"true\"><\/span>\n\t\t\tKontakt\t\t<\/span>\n\t<\/a>\n<\/div>\n<\/div>\n\t<\/div>\n\n<\/div>\n<\/div><\/div><\/div><\/div><\/div><\/div>","protected":false},"excerpt":{"rendered":"<p>Sie ist mittlerweile ein fester Bestandteil der Medizin\/Zahnmedizin, Psychotherapie und bei Rehabilitationsma\u00dfnahmen. Auch im Sport, zur Stressbew\u00e4ltigung und sogar vor Gericht werden hypnotherapeutische Methoden angewendet. Im Folgenden finden sie einen kleinen Ausschnitt meines Behandlungsspektrums. Raucherentw\u00f6hnung &nbsp; Zahnbehandlung &nbsp; Gewichtsreduktion &nbsp; Stressbew\u00e4ltigung &nbsp; \u00c4ngste besiegen &nbsp; Schmerztherapie &nbsp;<\/p>\n","protected":false},"author":1,"featured_media":0,"parent":0,"menu_order":0,"comment_status":"closed","ping_status":"closed","template":"","meta":[],"_links":{"self":[{"href":"http:\/\/oswald-hypnotherapie.de\/index.php\/wp-json\/wp\/v2\/pages\/150"}],"collection":[{"href":"http:\/\/oswald-hypnotherapie.de\/index.php\/wp-json\/wp\/v2\/pages"}],"about":[{"href":"http:\/\/oswald-hypnotherapie.de\/index.php\/wp-json\/wp\/v2\/types\/page"}],"author":[{"embeddable":true,"href":"http:\/\/oswald-hypnotherapie.de\/index.php\/wp-json\/wp\/v2\/users\/1"}],"replies":[{"embeddable":true,"href":"http:\/\/oswald-hypnotherapie.de\/index.php\/wp-json\/wp\/v2\/comments?post=150"}],"version-history":[{"count":31,"href":"http:\/\/oswald-hypnotherapie.de\/index.php\/wp-json\/wp\/v2\/pages\/150\/revisions"}],"predecessor-version":[{"id":292,"href":"http:\/\/oswald-hypnotherapie.de\/index.php\/wp-json\/wp\/v2\/pages\/150\/revisions\/292"}],"wp:attachment":[{"href":"http:\/\/oswald-hypnotherapie.de\/index.php\/wp-json\/wp\/v2\/media?parent=150"}],"curies":[{"name":"wp","href":"https:\/\/api.w.org\/{rel}","templated":true}]}}